{"id":1738,"date":"2017-12-15T17:34:50","date_gmt":"2017-12-15T17:34:50","guid":{"rendered":"http:\/\/unirenta.es\/?page_id=1738"},"modified":"2025-01-15T16:50:46","modified_gmt":"2025-01-15T16:50:46","slug":"politica-de-privacidad","status":"publish","type":"page","link":"https:\/\/unirenta.es\/en\/politica-de-privacidad\/","title":{"rendered":"Privacy policy"},"content":{"rendered":"<p class=\"p1\"><b>Identidad del Responsable<\/b><b><\/b><\/p>\n<p class=\"p2\">\u2022<b>Responsable del Tratamiento:<\/b> Unirenta Patrimonial S.L.<\/p>\n<p class=\"p2\">\u2022<b>CIF:<\/b> B14928899<\/p>\n<p class=\"p2\">\u2022<b>Domicilio:<\/b> Plaza de las Tendillas n\u00ba1, 6\u00baC, C\u00f3rdoba (14002), Espa\u00f1a.<\/p>\n<p class=\"p2\">\u2022<b>Correo electr\u00f3nico:<\/b> info@unirenta.es<\/p>\n<p class=\"p1\"><b>Datos Recopilados<\/b><b><\/b><\/p>\n<p class=\"p1\">A trav\u00e9s del Sitio Web recopilamos \u00fanicamente los datos personales proporcionados directamente por los usuarios mediante formularios:<\/p>\n<p class=\"p2\">\u2022Nombre y apellidos.<\/p>\n<p class=\"p2\">\u2022Tel\u00e9fono de contacto.<\/p>\n<p class=\"p1\"><b>Finalidad del Tratamiento<\/b><b><\/b><\/p>\n<p class=\"p1\">Los datos personales ser\u00e1n tratados con las siguientes finalidades:<\/p>\n<p class=\"p4\">1.Facilitar el acceso al sistema de pago de mensualidades.<\/p>\n<p class=\"p4\">2.Gestionar solicitudes de mantenimiento y check-in.<\/p>\n<p class=\"p4\">3.Responder a consultas o comunicaciones realizadas por los usuarios.<\/p>\n<p class=\"p1\"><b>Legitimaci\u00f3n del Tratamiento<\/b><b><\/b><\/p>\n<p class=\"p1\">El tratamiento de los datos se basa en el consentimiento otorgado por los usuarios al cumplimentar los formularios correspondientes.<\/p>\n<p class=\"p1\"><b>Conservaci\u00f3n de los Datos<\/b><b><\/b><\/p>\n<p class=\"p1\">Los datos ser\u00e1n conservados durante el tiempo necesario para cumplir con las finalidades descritas, salvo que el usuario solicite su supresi\u00f3n.<\/p>\n<p class=\"p1\"><b>Derechos de los Usuarios<\/b><b><\/b><\/p>\n<p class=\"p1\">Los usuarios tienen derecho a acceder, rectificar, suprimir, limitar, oponerse al tratamiento de sus datos y solicitar su portabilidad. Para ejercer estos derechos, pueden contactar a trav\u00e9s de:<\/p>\n<p class=\"p2\">\u2022<b>Correo electr\u00f3nico:<\/b> info@unirenta.es<\/p>\n<p class=\"p2\">\u2022<b>Correo postal:<\/b> Plaza de las Tendillas n\u00ba1, 6\u00baC, C\u00f3rdoba (14002), Espa\u00f1a.<\/p>\n<p class=\"p1\"><b>Transferencias de Datos<\/b><b><\/b><\/p>\n<p class=\"p1\">No se realizan transferencias internacionales de datos.<\/p>","protected":false},"excerpt":{"rendered":"<p>Identidad del Responsable \u2022Responsable del Tratamiento: Unirenta Patrimonial S.L. \u2022CIF: B14928899 \u2022Domicilio: Plaza de las Tendillas n\u00ba1, 6\u00baC, C\u00f3rdoba (14002), Espa\u00f1a. \u2022Correo electr\u00f3nico: info@unirenta.es Datos Recopilados A trav\u00e9s del Sitio Web recopilamos \u00fanicamente los datos personales proporcionados directamente por los usuarios mediante formularios: \u2022Nombre y apellidos. \u2022Tel\u00e9fono de contacto. Finalidad del Tratamiento Los datos personales [&hellip;]<\/p>\n","protected":false},"author":8,"featured_media":0,"parent":0,"menu_order":0,"comment_status":"closed","ping_status":"open","template":"page-template-blank.php","meta":{"footnotes":""},"class_list":["post-1738","page","type-page","status-publish","hentry"],"_links":{"self":[{"href":"https:\/\/unirenta.es\/en\/wp-json\/wp\/v2\/pages\/1738","targetHints":{"allow":["GET"]}}],"collection":[{"href":"https:\/\/unirenta.es\/en\/wp-json\/wp\/v2\/pages"}],"about":[{"href":"https:\/\/unirenta.es\/en\/wp-json\/wp\/v2\/types\/page"}],"author":[{"embeddable":true,"href":"https:\/\/unirenta.es\/en\/wp-json\/wp\/v2\/users\/8"}],"replies":[{"embeddable":true,"href":"https:\/\/unirenta.es\/en\/wp-json\/wp\/v2\/comments?post=1738"}],"version-history":[{"count":17,"href":"https:\/\/unirenta.es\/en\/wp-json\/wp\/v2\/pages\/1738\/revisions"}],"predecessor-version":[{"id":2379,"href":"https:\/\/unirenta.es\/en\/wp-json\/wp\/v2\/pages\/1738\/revisions\/2379"}],"wp:attachment":[{"href":"https:\/\/unirenta.es\/en\/wp-json\/wp\/v2\/media?parent=1738"}],"curies":[{"name":"wp","href":"https:\/\/api.w.org\/{rel}","templated":true}]}}