{"id":2376,"date":"2025-01-15T16:50:08","date_gmt":"2025-01-15T16:50:08","guid":{"rendered":"https:\/\/unirenta.es\/?page_id=2376"},"modified":"2025-01-24T12:18:12","modified_gmt":"2025-01-24T12:18:12","slug":"aviso-legal","status":"publish","type":"page","link":"https:\/\/unirenta.es\/en\/aviso-legal\/","title":{"rendered":"Aviso Legal"},"content":{"rendered":"<p><strong><br>Responsable del Sitio Web<\/strong><\/p>\n\n\n\n<p>En cumplimiento del art\u00edculo 10 de la Ley 34\/2002, de 11 de julio, de Servicios de la Sociedad de la Informaci\u00f3n y del Comercio Electr\u00f3nico (LSSICE), se informa de los siguientes datos:<\/p>\n\n\n\n<p>\u2022 <strong>Titular:<\/strong>&nbsp;Unirenta Patrimonial S.L.<\/p>\n\n\n\n<p>\u2022 <strong>CIF:<\/strong>&nbsp;B14928899<\/p>\n\n\n\n<p>\u2022 <strong>Domicilio:<\/strong>&nbsp;Plaza de las Tendillas n\u00ba1, 6\u00baC, C\u00f3rdoba (14002), Espa\u00f1a.<\/p>\n\n\n\n<p>\u2022 <strong>Correo electr\u00f3nico:<\/strong>&nbsp;info@unirenta.es<\/p>\n\n\n\n<p><strong>Finalidad del Sitio Web<\/strong><\/p>\n\n\n\n<p>El presente Sitio Web tiene como finalidad facilitar a los inquilinos el pago de mensualidades, la gesti\u00f3n del check-in y la solicitud de servicios de mantenimiento, relacionados con los contratos formalizados previamente en nuestra oficina.<\/p>\n\n\n\n<p><strong>Condiciones de Uso<\/strong><\/p>\n\n\n\n<p>El acceso y uso del Sitio Web implica la aceptaci\u00f3n plena de las condiciones descritas en este Aviso Legal. Los usuarios se comprometen a utilizar la web de manera adecuada y conforme a la legislaci\u00f3n vigente.<\/p>\n\n\n\n<p><strong>Propiedad Intelectual<\/strong><\/p>\n\n\n\n<p>Todos los contenidos de este Sitio Web, incluidos textos, im\u00e1genes, logotipos, dise\u00f1os y cualquier otro material, son propiedad de Unirenta Patrimonial S.L. o se utilizan con la debida autorizaci\u00f3n de terceros. Queda prohibida su reproducci\u00f3n, distribuci\u00f3n o modificaci\u00f3n sin el consentimiento expreso del titular.<\/p>","protected":false},"excerpt":{"rendered":"<p>Responsable del Sitio Web En cumplimiento del art\u00edculo 10 de la Ley 34\/2002, de 11 de julio, de Servicios de la Sociedad de la Informaci\u00f3n y del Comercio Electr\u00f3nico (LSSICE), se informa de los siguientes datos: \u2022 Titular:&nbsp;Unirenta Patrimonial S.L. \u2022 CIF:&nbsp;B14928899 \u2022 Domicilio:&nbsp;Plaza de las Tendillas n\u00ba1, 6\u00baC, C\u00f3rdoba (14002), Espa\u00f1a. \u2022 Correo electr\u00f3nico:&nbsp;info@unirenta.es [&hellip;]<\/p>\n","protected":false},"author":8,"featured_media":0,"parent":0,"menu_order":0,"comment_status":"closed","ping_status":"closed","template":"","meta":{"footnotes":""},"class_list":["post-2376","page","type-page","status-publish","hentry"],"_links":{"self":[{"href":"https:\/\/unirenta.es\/en\/wp-json\/wp\/v2\/pages\/2376","targetHints":{"allow":["GET"]}}],"collection":[{"href":"https:\/\/unirenta.es\/en\/wp-json\/wp\/v2\/pages"}],"about":[{"href":"https:\/\/unirenta.es\/en\/wp-json\/wp\/v2\/types\/page"}],"author":[{"embeddable":true,"href":"https:\/\/unirenta.es\/en\/wp-json\/wp\/v2\/users\/8"}],"replies":[{"embeddable":true,"href":"https:\/\/unirenta.es\/en\/wp-json\/wp\/v2\/comments?post=2376"}],"version-history":[{"count":2,"href":"https:\/\/unirenta.es\/en\/wp-json\/wp\/v2\/pages\/2376\/revisions"}],"predecessor-version":[{"id":2395,"href":"https:\/\/unirenta.es\/en\/wp-json\/wp\/v2\/pages\/2376\/revisions\/2395"}],"wp:attachment":[{"href":"https:\/\/unirenta.es\/en\/wp-json\/wp\/v2\/media?parent=2376"}],"curies":[{"name":"wp","href":"https:\/\/api.w.org\/{rel}","templated":true}]}}